{"id":2395,"date":"2023-05-18T16:58:13","date_gmt":"2023-05-18T16:58:13","guid":{"rendered":"http:\/\/rderural.com\/politica-cookies\/"},"modified":"2023-05-18T17:30:17","modified_gmt":"2023-05-18T17:30:17","slug":"politique-cookies","status":"publish","type":"page","link":"https:\/\/rderural.com\/fr\/politique-cookies\/","title":{"rendered":"Politique en mati\u00e8re de cookies"},"content":{"rendered":"\t\t<div data-elementor-type=\"wp-page\" data-elementor-id=\"2395\" class=\"elementor elementor-2395 elementor-2378\">\n\t\t\t\t\t\t<section class=\"elementor-section elementor-top-section elementor-element elementor-element-6d4185a elementor-section-boxed elementor-section-height-default elementor-section-height-default\" data-id=\"6d4185a\" data-element_type=\"section\">\n\t\t\t\t\t\t<div class=\"elementor-container elementor-column-gap-default\">\n\t\t\t\t\t<div class=\"elementor-column elementor-col-100 elementor-top-column elementor-element elementor-element-334077bd\" data-id=\"334077bd\" data-element_type=\"column\">\n\t\t\t<div class=\"elementor-widget-wrap elementor-element-populated\">\n\t\t\t\t\t\t<div class=\"elementor-element elementor-element-65d27a2 elementor-widget elementor-widget-text-editor\" data-id=\"65d27a2\" data-element_type=\"widget\" data-widget_type=\"text-editor.default\">\n\t\t\t\t<div class=\"elementor-widget-container\">\n\t\t\t\t\t\t\t\t\t<p><style>\n    a.cky-banner-element {<br \/>        padding: 8px 30px;<br \/>        background: #F8F9FA;<br \/>        color: #858A8F;<br \/>        border: 1px solid #DEE2E6;<br \/>        box-sizing: border-box;<br \/>        border-radius: 2px;<br \/>        cursor: pointer;<br \/>}<br \/><\/style><\/p><p><em>Date d&rsquo;entr\u00e9e en vigueur : 18 mai 2023 <\/em><br \/><em>Derni\u00e8re mise \u00e0 jour : 18 mai 2023<\/em><\/p><h2>Qu&rsquo;est-ce que les cookies ?<\/h2><div class=\"cookie-policy-p\">Cette politique en mati\u00e8re de cookies explique ce que sont les cookies et comment nous les utilisons, les types de cookies que nous utilisons, c&rsquo;est-\u00e0-dire les informations que nous collectons \u00e0 l&rsquo;aide de cookies et comment ces informations sont utilis\u00e9es, ainsi que la gestion des param\u00e8tres des cookies.<p>\u00a0<\/p><p>Les cookies sont de petits fichiers texte utilis\u00e9s pour stocker de petites informations. Ils sont stock\u00e9s sur votre appareil lorsque le site web est charg\u00e9 dans votre navigateur. Ces cookies nous aident \u00e0 faire fonctionner le site web correctement, \u00e0 le rendre plus s\u00e9curis\u00e9, \u00e0 offrir une meilleure exp\u00e9rience utilisateur, \u00e0 comprendre les performances du site web, \u00e0 analyser ce qui fonctionne et ce qui doit \u00eatre am\u00e9lior\u00e9.<\/p><\/div><h2>Comment utilisons-nous les cookies ?<\/h2><div class=\"cookie-policy-p\">Comme la plupart des services en ligne, notre site web utilise des cookies internes et des cookies tiers \u00e0 plusieurs fins. Les cookies internes sont principalement n\u00e9cessaires pour que le site web fonctionne correctement et ils ne collectent aucune de vos donn\u00e9es personnellement identifiables.<p>\u00a0<\/p><p>Les cookies tiers utilis\u00e9s sur notre site web servent principalement \u00e0 comprendre les performances du site web, votre interaction avec notre site web, \u00e0 maintenir la s\u00e9curit\u00e9 de nos services, \u00e0 fournir des publicit\u00e9s pertinentes pour vous, et dans l&rsquo;ensemble, \u00e0 vous offrir une meilleure exp\u00e9rience utilisateur am\u00e9lior\u00e9e et \u00e0 acc\u00e9l\u00e9rer vos interactions futures avec notre site web.<\/p><\/div><h2>Types de cookies que nous utilisons<\/h2><div class=\"cky-audit-table-element\">\u00a0<\/div><h2 style=\"margin-bottom: 20px;\">G\u00e9rer les pr\u00e9f\u00e9rences de cookies<\/h2><p><a class=\"cky-banner-element\">Param\u00e8tres des cookies<\/a><\/p><div>Vous pouvez modifier vos pr\u00e9f\u00e9rences de cookies \u00e0 tout moment en cliquant sur le lien ci-dessus. Cela vous permettra de revoir la banni\u00e8re de consentement aux cookies et de modifier vos pr\u00e9f\u00e9rences ou de retirer votre consentement imm\u00e9diatement.<p>\u00a0<\/p><p>De plus, diff\u00e9rents navigateurs proposent diff\u00e9rentes m\u00e9thodes pour bloquer et supprimer les cookies utilis\u00e9s par les sites web. Vous pouvez modifier les param\u00e8tres de votre navigateur pour bloquer\/supprimer les cookies. Ci-dessous, vous trouverez les liens vers les documents d&rsquo;assistance sur la gestion et la suppression des cookies des principaux navigateurs web.<\/p><p>Chrome : <a href=\"https:\/\/support.google.com\/accounts\/answer\/32050\" target=\"_blank\" rel=\"noopener\">https:\/\/support.google.com\/accounts\/answer\/32050<\/a><br \/>Safari: <a href=\"https:\/\/support.apple.com\/en-in\/guide\/safari\/sfri11471\/mac\" target=\"_blank\" rel=\"noopener\">https:\/\/support.apple.com\/en-in\/guide\/safari\/sfri11471\/mac<\/a><br \/>Firefox: <a href=\"https:\/\/support.mozilla.org\/en-US\/kb\/clear-cookies-and-site-data-firefox?redirectslug=delete-cookies-remove-info-websites-stored&amp;redirectlocale=en-US\" target=\"_blank\" rel=\"noopener\">https:\/\/support.mozilla.org\/en-US\/kb\/clear-cookies-and-site-data-firefox?redirectslug=delete-cookies-remove-info-websites-stored&amp;redirectlocale=en-US<\/a><br \/>Internet Explorer: <a href=\"https:\/\/support.microsoft.com\/en-us\/topic\/how-to-delete-cookie-files-in-internet-explorer-bca9446f-d873-78de-77ba-d42645fa52fc\" target=\"_blank\" rel=\"noopener\">https:\/\/support.microsoft.com\/en-us\/topic\/how-to-delete-cookie-files-in-internet-explorer-bca9446f-d873-78de-77ba-d42645fa52fc<\/a><\/p><p>\u00a0<\/p><p>Si vous utilisez un autre navigateur web, veuillez consulter les documents d&rsquo;assistance officiels de votre navigateur.<\/p><\/div><p class=\"cookie-policy-p\"><em>\u00a0<\/em><\/p><p class=\"cookie-policy-p\"><em>Politique en mati\u00e8re de cookies g\u00e9n\u00e9r\u00e9e par <a href=\"https:\/\/www.cookieyes.com\/\" target=\"_blank\" rel=\"noopener\">CookieYes &#8211; Cookie Policy Generator<\/a><\/em><em style=\"color: inherit; font-family: inherit; font-size: inherit;\">.<\/em><\/p>\t\t\t\t\t\t\t\t<\/div>\n\t\t\t\t<\/div>\n\t\t\t\t\t<\/div>\n\t\t<\/div>\n\t\t\t\t\t<\/div>\n\t\t<\/section>\n\t\t\t\t<\/div>\n\t\t","protected":false},"excerpt":{"rendered":"<p>Date d&rsquo;entr\u00e9e en vigueur : 18 mai 2023 Derni\u00e8re mise \u00e0 jour : 18 mai 2023 Qu&rsquo;est-ce que les cookies ? Cette politique en mati\u00e8re de cookies explique ce que sont les cookies et comment nous les utilisons, les types &hellip; <a href=\"https:\/\/rderural.com\/fr\/politique-cookies\/\">Read More<\/a><\/p>\n","protected":false},"author":2,"featured_media":0,"parent":0,"menu_order":0,"comment_status":"closed","ping_status":"open","template":"","meta":{"footnotes":""},"class_list":["post-2395","page","type-page","status-publish","hentry"],"yoast_head":"<!-- This site is optimized with the Yoast SEO plugin v24.1 - https:\/\/yoast.com\/wordpress\/plugins\/seo\/ -->\n<title>Politique en mati\u00e8re de cookies - R de Rural<\/title>\n<meta name=\"robots\" content=\"noindex, nofollow\" \/>\n<meta property=\"og:locale\" content=\"fr_FR\" \/>\n<meta property=\"og:type\" content=\"article\" \/>\n<meta property=\"og:title\" content=\"Politique en mati\u00e8re de cookies - R de Rural\" \/>\n<meta property=\"og:description\" content=\"Date d&rsquo;entr\u00e9e en vigueur : 18 mai 2023 Derni\u00e8re mise \u00e0 jour : 18 mai 2023 Qu&rsquo;est-ce que les cookies ? Cette politique en mati\u00e8re de cookies explique ce que sont les cookies et comment nous les utilisons, les types &hellip; Read More\" \/>\n<meta property=\"og:url\" content=\"https:\/\/rderural.com\/fr\/politique-cookies\/\" \/>\n<meta property=\"og:site_name\" content=\"R de Rural\" \/>\n<meta property=\"article:modified_time\" content=\"2023-05-18T17:30:17+00:00\" \/>\n<meta name=\"twitter:card\" content=\"summary_large_image\" \/>\n<meta name=\"twitter:label1\" content=\"Dur\u00e9e de lecture estim\u00e9e\" \/>\n\t<meta name=\"twitter:data1\" content=\"2 minutes\" \/>\n<script type=\"application\/ld+json\" class=\"yoast-schema-graph\">{\"@context\":\"https:\/\/schema.org\",\"@graph\":[{\"@type\":\"WebPage\",\"@id\":\"https:\/\/rderural.com\/fr\/politique-cookies\/\",\"url\":\"https:\/\/rderural.com\/fr\/politique-cookies\/\",\"name\":\"Politique en mati\u00e8re de cookies - R de Rural\",\"isPartOf\":{\"@id\":\"https:\/\/rderural.com\/fr\/#website\"},\"datePublished\":\"2023-05-18T16:58:13+00:00\",\"dateModified\":\"2023-05-18T17:30:17+00:00\",\"breadcrumb\":{\"@id\":\"https:\/\/rderural.com\/fr\/politique-cookies\/#breadcrumb\"},\"inLanguage\":\"fr-FR\",\"potentialAction\":[{\"@type\":\"ReadAction\",\"target\":[\"https:\/\/rderural.com\/fr\/politique-cookies\/\"]}]},{\"@type\":\"BreadcrumbList\",\"@id\":\"https:\/\/rderural.com\/fr\/politique-cookies\/#breadcrumb\",\"itemListElement\":[{\"@type\":\"ListItem\",\"position\":1,\"name\":\"Portada\",\"item\":\"https:\/\/rderural.com\/fr\/\"},{\"@type\":\"ListItem\",\"position\":2,\"name\":\"Politique en mati\u00e8re de cookies\"}]},{\"@type\":\"WebSite\",\"@id\":\"https:\/\/rderural.com\/fr\/#website\",\"url\":\"https:\/\/rderural.com\/fr\/\",\"name\":\"R de Rural\",\"description\":\"Maisons d'h\u00f4tes en Andorre\",\"publisher\":{\"@id\":\"https:\/\/rderural.com\/fr\/#organization\"},\"potentialAction\":[{\"@type\":\"SearchAction\",\"target\":{\"@type\":\"EntryPoint\",\"urlTemplate\":\"https:\/\/rderural.com\/fr\/?s={search_term_string}\"},\"query-input\":{\"@type\":\"PropertyValueSpecification\",\"valueRequired\":true,\"valueName\":\"search_term_string\"}}],\"inLanguage\":\"fr-FR\"},{\"@type\":\"Organization\",\"@id\":\"https:\/\/rderural.com\/fr\/#organization\",\"name\":\"R de Rural\",\"url\":\"https:\/\/rderural.com\/fr\/\",\"logo\":{\"@type\":\"ImageObject\",\"inLanguage\":\"fr-FR\",\"@id\":\"https:\/\/rderural.com\/fr\/#\/schema\/logo\/image\/\",\"url\":\"https:\/\/rderural.com\/wp-content\/uploads\/2022\/12\/logoRdeRural-120x100-1.png\",\"contentUrl\":\"https:\/\/rderural.com\/wp-content\/uploads\/2022\/12\/logoRdeRural-120x100-1.png\",\"width\":120,\"height\":100,\"caption\":\"R de Rural\"},\"image\":{\"@id\":\"https:\/\/rderural.com\/fr\/#\/schema\/logo\/image\/\"}}]}<\/script>\n<!-- \/ Yoast SEO plugin. -->","yoast_head_json":{"title":"Politique en mati\u00e8re de cookies - R de Rural","robots":{"index":"noindex","follow":"nofollow"},"og_locale":"fr_FR","og_type":"article","og_title":"Politique en mati\u00e8re de cookies - R de Rural","og_description":"Date d&rsquo;entr\u00e9e en vigueur : 18 mai 2023 Derni\u00e8re mise \u00e0 jour : 18 mai 2023 Qu&rsquo;est-ce que les cookies ? Cette politique en mati\u00e8re de cookies explique ce que sont les cookies et comment nous les utilisons, les types &hellip; Read More","og_url":"https:\/\/rderural.com\/fr\/politique-cookies\/","og_site_name":"R de Rural","article_modified_time":"2023-05-18T17:30:17+00:00","twitter_card":"summary_large_image","twitter_misc":{"Dur\u00e9e de lecture estim\u00e9e":"2 minutes"},"schema":{"@context":"https:\/\/schema.org","@graph":[{"@type":"WebPage","@id":"https:\/\/rderural.com\/fr\/politique-cookies\/","url":"https:\/\/rderural.com\/fr\/politique-cookies\/","name":"Politique en mati\u00e8re de cookies - R de Rural","isPartOf":{"@id":"https:\/\/rderural.com\/fr\/#website"},"datePublished":"2023-05-18T16:58:13+00:00","dateModified":"2023-05-18T17:30:17+00:00","breadcrumb":{"@id":"https:\/\/rderural.com\/fr\/politique-cookies\/#breadcrumb"},"inLanguage":"fr-FR","potentialAction":[{"@type":"ReadAction","target":["https:\/\/rderural.com\/fr\/politique-cookies\/"]}]},{"@type":"BreadcrumbList","@id":"https:\/\/rderural.com\/fr\/politique-cookies\/#breadcrumb","itemListElement":[{"@type":"ListItem","position":1,"name":"Portada","item":"https:\/\/rderural.com\/fr\/"},{"@type":"ListItem","position":2,"name":"Politique en mati\u00e8re de cookies"}]},{"@type":"WebSite","@id":"https:\/\/rderural.com\/fr\/#website","url":"https:\/\/rderural.com\/fr\/","name":"R de Rural","description":"Maisons d'h\u00f4tes en Andorre","publisher":{"@id":"https:\/\/rderural.com\/fr\/#organization"},"potentialAction":[{"@type":"SearchAction","target":{"@type":"EntryPoint","urlTemplate":"https:\/\/rderural.com\/fr\/?s={search_term_string}"},"query-input":{"@type":"PropertyValueSpecification","valueRequired":true,"valueName":"search_term_string"}}],"inLanguage":"fr-FR"},{"@type":"Organization","@id":"https:\/\/rderural.com\/fr\/#organization","name":"R de Rural","url":"https:\/\/rderural.com\/fr\/","logo":{"@type":"ImageObject","inLanguage":"fr-FR","@id":"https:\/\/rderural.com\/fr\/#\/schema\/logo\/image\/","url":"https:\/\/rderural.com\/wp-content\/uploads\/2022\/12\/logoRdeRural-120x100-1.png","contentUrl":"https:\/\/rderural.com\/wp-content\/uploads\/2022\/12\/logoRdeRural-120x100-1.png","width":120,"height":100,"caption":"R de Rural"},"image":{"@id":"https:\/\/rderural.com\/fr\/#\/schema\/logo\/image\/"}}]}},"_links":{"self":[{"href":"https:\/\/rderural.com\/fr\/wp-json\/wp\/v2\/pages\/2395","targetHints":{"allow":["GET"]}}],"collection":[{"href":"https:\/\/rderural.com\/fr\/wp-json\/wp\/v2\/pages"}],"about":[{"href":"https:\/\/rderural.com\/fr\/wp-json\/wp\/v2\/types\/page"}],"author":[{"embeddable":true,"href":"https:\/\/rderural.com\/fr\/wp-json\/wp\/v2\/users\/2"}],"replies":[{"embeddable":true,"href":"https:\/\/rderural.com\/fr\/wp-json\/wp\/v2\/comments?post=2395"}],"version-history":[{"count":19,"href":"https:\/\/rderural.com\/fr\/wp-json\/wp\/v2\/pages\/2395\/revisions"}],"predecessor-version":[{"id":2448,"href":"https:\/\/rderural.com\/fr\/wp-json\/wp\/v2\/pages\/2395\/revisions\/2448"}],"wp:attachment":[{"href":"https:\/\/rderural.com\/fr\/wp-json\/wp\/v2\/media?parent=2395"}],"curies":[{"name":"wp","href":"https:\/\/api.w.org\/{rel}","templated":true}]}}