{"id":1836,"date":"2022-12-13T00:03:19","date_gmt":"2022-12-13T00:03:19","guid":{"rendered":"http:\/\/rderural.com\/?page_id=1836"},"modified":"2022-12-20T22:13:38","modified_gmt":"2022-12-20T22:13:38","slug":"photographies","status":"publish","type":"page","link":"https:\/\/rderural.com\/fr\/photographies\/","title":{"rendered":"Photographies"},"content":{"rendered":"\t\t<div data-elementor-type=\"wp-post\" data-elementor-id=\"1836\" class=\"elementor elementor-1836 elementor-454\">\n\t\t\t\t\t\t<section class=\"elementor-section elementor-top-section elementor-element elementor-element-7f113b65 elementor-section-full_width elementor-section-height-min-height elementor-section-height-default elementor-section-items-middle\" data-id=\"7f113b65\" data-element_type=\"section\" data-settings=\"{&quot;background_background&quot;:&quot;classic&quot;}\">\n\t\t\t\t\t\t\t<div class=\"elementor-background-overlay\"><\/div>\n\t\t\t\t\t\t\t<div class=\"elementor-container elementor-column-gap-default\">\n\t\t\t\t\t<div class=\"elementor-column elementor-col-100 elementor-top-column elementor-element elementor-element-476d30e2\" data-id=\"476d30e2\" data-element_type=\"column\">\n\t\t\t<div class=\"elementor-widget-wrap elementor-element-populated\">\n\t\t\t\t\t\t<div class=\"elementor-element elementor-element-1b6d5b6f elementor-widget elementor-widget-spacer\" data-id=\"1b6d5b6f\" data-element_type=\"widget\" data-widget_type=\"spacer.default\">\n\t\t\t\t<div class=\"elementor-widget-container\">\n\t\t\t\t\t\t\t<div class=\"elementor-spacer\">\n\t\t\t<div class=\"elementor-spacer-inner\"><\/div>\n\t\t<\/div>\n\t\t\t\t\t\t<\/div>\n\t\t\t\t<\/div>\n\t\t\t\t<section class=\"elementor-section elementor-inner-section elementor-element elementor-element-7103a9cd elementor-reverse-mobile elementor-section-boxed elementor-section-height-default elementor-section-height-default\" data-id=\"7103a9cd\" data-element_type=\"section\">\n\t\t\t\t\t\t<div class=\"elementor-container elementor-column-gap-wider\">\n\t\t\t\t\t<div class=\"elementor-column elementor-col-100 elementor-inner-column elementor-element elementor-element-1499e6fd\" data-id=\"1499e6fd\" data-element_type=\"column\">\n\t\t\t<div class=\"elementor-widget-wrap elementor-element-populated\">\n\t\t\t\t\t\t<div class=\"elementor-element elementor-element-487409b9 elementor-view-default elementor-position-top elementor-widget elementor-widget-themo-header\" data-id=\"487409b9\" data-element_type=\"widget\" data-widget_type=\"themo-header.default\">\n\t\t\t\t<div class=\"elementor-widget-container\">\n\t\t\t\t\t\t\t<div class=\"th-header-wrap\">\n        <div class=\"elementor-icon-box-wrapper \">\n                            <div class=\"elementor-icon-box-content\">\n                    <h1 class=\"elementor-icon-box-title\">\n                        Photographies                    <\/h1>\n                                        <p class=\"elementor-icon-box-description\"><\/p>\n\n                                    <\/div>\n            <\/div>\n\n        <\/div>\n\n\t\t\t\t\t\t<\/div>\n\t\t\t\t<\/div>\n\t\t\t\t\t<\/div>\n\t\t<\/div>\n\t\t\t\t\t<\/div>\n\t\t<\/section>\n\t\t\t\t<div class=\"elementor-element elementor-element-6d14406 elementor-widget elementor-widget-spacer\" data-id=\"6d14406\" data-element_type=\"widget\" data-widget_type=\"spacer.default\">\n\t\t\t\t<div class=\"elementor-widget-container\">\n\t\t\t\t\t\t\t<div class=\"elementor-spacer\">\n\t\t\t<div class=\"elementor-spacer-inner\"><\/div>\n\t\t<\/div>\n\t\t\t\t\t\t<\/div>\n\t\t\t\t<\/div>\n\t\t\t\t\t<\/div>\n\t\t<\/div>\n\t\t\t\t\t<\/div>\n\t\t<\/section>\n\t\t\t\t<section class=\"elementor-section elementor-top-section elementor-element elementor-element-4f6737c0 elementor-section-boxed elementor-section-height-default elementor-section-height-default\" data-id=\"4f6737c0\" data-element_type=\"section\" data-settings=\"{&quot;background_background&quot;:&quot;classic&quot;}\">\n\t\t\t\t\t\t<div class=\"elementor-container elementor-column-gap-default\">\n\t\t\t\t\t<div class=\"elementor-column elementor-col-100 elementor-top-column elementor-element elementor-element-417c5957\" data-id=\"417c5957\" data-element_type=\"column\">\n\t\t\t<div class=\"elementor-widget-wrap elementor-element-populated\">\n\t\t\t\t\t\t<div class=\"elementor-element elementor-element-16e90536 elementor-widget elementor-widget-spacer\" data-id=\"16e90536\" data-element_type=\"widget\" data-widget_type=\"spacer.default\">\n\t\t\t\t<div class=\"elementor-widget-container\">\n\t\t\t\t\t\t\t<div class=\"elementor-spacer\">\n\t\t\t<div class=\"elementor-spacer-inner\"><\/div>\n\t\t<\/div>\n\t\t\t\t\t\t<\/div>\n\t\t\t\t<\/div>\n\t\t\t\t<section class=\"elementor-section elementor-inner-section elementor-element elementor-element-cdb9de7 elementor-section-boxed elementor-section-height-default elementor-section-height-default\" data-id=\"cdb9de7\" data-element_type=\"section\">\n\t\t\t\t\t\t<div class=\"elementor-container elementor-column-gap-default\">\n\t\t\t\t\t<div class=\"elementor-column elementor-col-50 elementor-inner-column elementor-element elementor-element-85f3a42\" data-id=\"85f3a42\" data-element_type=\"column\">\n\t\t\t<div class=\"elementor-widget-wrap elementor-element-populated\">\n\t\t\t\t\t\t<div class=\"elementor-element elementor-element-5de6e1c elementor-widget elementor-widget-themo-call-to-action\" data-id=\"5de6e1c\" data-element_type=\"widget\" data-widget_type=\"themo-call-to-action.default\">\n\t\t\t\t<div class=\"elementor-widget-container\">\n\t\t\t\t\t\t\t<div class=\"th-cta\">\n\t\t\t\t\t        <div class=\"th-cta-text\">\n\t\t            <span>PHOTOS CASA MARIOLA<\/span>\n\t\t        <\/div>\n\t\t    \n                        <div class=\"th-cta-btn\">\n\n                                    <a class=\"btn-1 btn th-btn btn-standard-primary\" href=\"http:\/\/rderural.com\/fr\/photos-casa-mariola\/\">\n                                                    Voir galerie                                            <\/a>\n                \n                            <\/div>\n            \t\t<\/div>\n\t\t\t\t\t\t<\/div>\n\t\t\t\t<\/div>\n\t\t\t\t\t<\/div>\n\t\t<\/div>\n\t\t\t\t<div class=\"elementor-column elementor-col-50 elementor-inner-column elementor-element elementor-element-3912d5e\" data-id=\"3912d5e\" data-element_type=\"column\">\n\t\t\t<div class=\"elementor-widget-wrap elementor-element-populated\">\n\t\t\t\t\t\t<div class=\"elementor-element elementor-element-996262f elementor-widget elementor-widget-themo-call-to-action\" data-id=\"996262f\" data-element_type=\"widget\" data-widget_type=\"themo-call-to-action.default\">\n\t\t\t\t<div class=\"elementor-widget-container\">\n\t\t\t\t\t\t\t<div class=\"th-cta\">\n\t\t\t\t\t        <div class=\"th-cta-text\">\n\t\t            <span>PHOTOS BORDA DEL MOLL\u00c0<\/span>\n\t\t        <\/div>\n\t\t    \n                        <div class=\"th-cta-btn\">\n\n                                    <a class=\"btn-1 btn th-btn btn-standard-primary\" href=\"http:\/\/rderural.com\/fr\/photos-borda-molla\/\">\n                                                    Voir galerie                                            <\/a>\n                \n                            <\/div>\n            \t\t<\/div>\n\t\t\t\t\t\t<\/div>\n\t\t\t\t<\/div>\n\t\t\t\t\t<\/div>\n\t\t<\/div>\n\t\t\t\t\t<\/div>\n\t\t<\/section>\n\t\t\t\t<section class=\"elementor-section elementor-inner-section elementor-element elementor-element-530536f elementor-section-boxed elementor-section-height-default elementor-section-height-default\" data-id=\"530536f\" data-element_type=\"section\">\n\t\t\t\t\t\t<div class=\"elementor-container elementor-column-gap-default\">\n\t\t\t\t\t<div class=\"elementor-column elementor-col-50 elementor-inner-column elementor-element elementor-element-e910cd1\" data-id=\"e910cd1\" data-element_type=\"column\">\n\t\t\t<div class=\"elementor-widget-wrap elementor-element-populated\">\n\t\t\t\t\t\t<div class=\"elementor-element elementor-element-1e14634 elementor-widget elementor-widget-themo-call-to-action\" data-id=\"1e14634\" data-element_type=\"widget\" data-widget_type=\"themo-call-to-action.default\">\n\t\t\t\t<div class=\"elementor-widget-container\">\n\t\t\t\t\t\t\t<div class=\"th-cta\">\n\t\t\t\t\t        <div class=\"th-cta-text\">\n\t\t            <span>PHOTOS  CASA RURAL ERA MARIOLA<\/span>\n\t\t        <\/div>\n\t\t    \n                        <div class=\"th-cta-btn\">\n\n                                    <a class=\"btn-1 btn th-btn btn-standard-primary\" href=\"http:\/\/rderural.com\/fr\/photos-casa-rural-mariola\/\">\n                                                    Voir galerie                                            <\/a>\n                \n                            <\/div>\n            \t\t<\/div>\n\t\t\t\t\t\t<\/div>\n\t\t\t\t<\/div>\n\t\t\t\t\t<\/div>\n\t\t<\/div>\n\t\t\t\t<div class=\"elementor-column elementor-col-50 elementor-inner-column elementor-element elementor-element-56c6054\" data-id=\"56c6054\" data-element_type=\"column\">\n\t\t\t<div class=\"elementor-widget-wrap elementor-element-populated\">\n\t\t\t\t\t\t<div class=\"elementor-element elementor-element-44d3ca1 elementor-widget elementor-widget-themo-call-to-action\" data-id=\"44d3ca1\" data-element_type=\"widget\" data-widget_type=\"themo-call-to-action.default\">\n\t\t\t\t<div class=\"elementor-widget-container\">\n\t\t\t\t\t\t\t<div class=\"th-cta\">\n\t\t\t\t\t        <div class=\"th-cta-text\">\n\t\t            <span>PHOTOS CASA RURAL DE LES ARNES<\/span>\n\t\t        <\/div>\n\t\t    \n                        <div class=\"th-cta-btn\">\n\n                                    <a class=\"btn-1 btn th-btn btn-standard-primary\" href=\"http:\/\/rderural.com\/fr\/photos-casa-rural-arnes\/\">\n                                                    Voir galerie                                            <\/a>\n                \n                            <\/div>\n            \t\t<\/div>\n\t\t\t\t\t\t<\/div>\n\t\t\t\t<\/div>\n\t\t\t\t\t<\/div>\n\t\t<\/div>\n\t\t\t\t\t<\/div>\n\t\t<\/section>\n\t\t\t\t<div class=\"elementor-element elementor-element-16fe7750 elementor-widget elementor-widget-spacer\" data-id=\"16fe7750\" data-element_type=\"widget\" data-widget_type=\"spacer.default\">\n\t\t\t\t<div class=\"elementor-widget-container\">\n\t\t\t\t\t\t\t<div class=\"elementor-spacer\">\n\t\t\t<div class=\"elementor-spacer-inner\"><\/div>\n\t\t<\/div>\n\t\t\t\t\t\t<\/div>\n\t\t\t\t<\/div>\n\t\t\t\t\t<\/div>\n\t\t<\/div>\n\t\t\t\t\t<\/div>\n\t\t<\/section>\n\t\t\t\t<\/div>\n\t\t","protected":false},"excerpt":{"rendered":"<p>Photographies PHOTOS CASA MARIOLA Voir galerie PHOTOS BORDA DEL MOLL\u00c0 Voir galerie PHOTOS CASA RURAL ERA MARIOLA Voir galerie PHOTOS CASA RURAL DE LES ARNES Voir galerie<\/p>\n","protected":false},"author":1,"featured_media":0,"parent":0,"menu_order":1,"comment_status":"closed","ping_status":"closed","template":"","meta":{"footnotes":""},"class_list":["post-1836","page","type-page","status-publish","hentry"],"yoast_head":"<!-- This site is optimized with the Yoast SEO plugin v24.1 - https:\/\/yoast.com\/wordpress\/plugins\/seo\/ -->\n<title>Photographies des g\u00eetes rurales en Andorre - R de Rural<\/title>\n<meta name=\"description\" content=\"D\u00e9couvrez les int\u00e9rieurs des h\u00e9bergements ruraux que nous proposons dans cette galerie de photos et venez passer quelques jours en Andorre.\" \/>\n<meta name=\"robots\" content=\"index, follow, max-snippet:-1, max-image-preview:large, max-video-preview:-1\" \/>\n<link rel=\"canonical\" href=\"https:\/\/rderural.com\/fr\/photographies\/\" \/>\n<meta property=\"og:locale\" content=\"fr_FR\" \/>\n<meta property=\"og:type\" content=\"article\" \/>\n<meta property=\"og:title\" content=\"Photographies des g\u00eetes rurales en Andorre - R de Rural\" \/>\n<meta property=\"og:description\" content=\"D\u00e9couvrez les int\u00e9rieurs des h\u00e9bergements ruraux que nous proposons dans cette galerie de photos et venez passer quelques jours en Andorre.\" \/>\n<meta property=\"og:url\" content=\"https:\/\/rderural.com\/fr\/photographies\/\" \/>\n<meta property=\"og:site_name\" content=\"R de Rural\" \/>\n<meta property=\"article:modified_time\" content=\"2022-12-20T22:13:38+00:00\" \/>\n<meta name=\"twitter:card\" content=\"summary_large_image\" \/>\n<meta name=\"twitter:label1\" content=\"Dur\u00e9e de lecture estim\u00e9e\" \/>\n\t<meta name=\"twitter:data1\" content=\"1 minute\" \/>\n<script type=\"application\/ld+json\" class=\"yoast-schema-graph\">{\"@context\":\"https:\/\/schema.org\",\"@graph\":[{\"@type\":\"WebPage\",\"@id\":\"https:\/\/rderural.com\/fr\/photographies\/\",\"url\":\"https:\/\/rderural.com\/fr\/photographies\/\",\"name\":\"Photographies des g\u00eetes rurales en Andorre - R de Rural\",\"isPartOf\":{\"@id\":\"https:\/\/rderural.com\/fr\/#website\"},\"datePublished\":\"2022-12-13T00:03:19+00:00\",\"dateModified\":\"2022-12-20T22:13:38+00:00\",\"description\":\"D\u00e9couvrez les int\u00e9rieurs des h\u00e9bergements ruraux que nous proposons dans cette galerie de photos et venez passer quelques jours en Andorre.\",\"breadcrumb\":{\"@id\":\"https:\/\/rderural.com\/fr\/photographies\/#breadcrumb\"},\"inLanguage\":\"fr-FR\",\"potentialAction\":[{\"@type\":\"ReadAction\",\"target\":[\"https:\/\/rderural.com\/fr\/photographies\/\"]}]},{\"@type\":\"BreadcrumbList\",\"@id\":\"https:\/\/rderural.com\/fr\/photographies\/#breadcrumb\",\"itemListElement\":[{\"@type\":\"ListItem\",\"position\":1,\"name\":\"Portada\",\"item\":\"https:\/\/rderural.com\/fr\/\"},{\"@type\":\"ListItem\",\"position\":2,\"name\":\"Photographies\"}]},{\"@type\":\"WebSite\",\"@id\":\"https:\/\/rderural.com\/fr\/#website\",\"url\":\"https:\/\/rderural.com\/fr\/\",\"name\":\"R de Rural\",\"description\":\"Maisons d'h\u00f4tes en Andorre\",\"publisher\":{\"@id\":\"https:\/\/rderural.com\/fr\/#organization\"},\"potentialAction\":[{\"@type\":\"SearchAction\",\"target\":{\"@type\":\"EntryPoint\",\"urlTemplate\":\"https:\/\/rderural.com\/fr\/?s={search_term_string}\"},\"query-input\":{\"@type\":\"PropertyValueSpecification\",\"valueRequired\":true,\"valueName\":\"search_term_string\"}}],\"inLanguage\":\"fr-FR\"},{\"@type\":\"Organization\",\"@id\":\"https:\/\/rderural.com\/fr\/#organization\",\"name\":\"R de Rural\",\"url\":\"https:\/\/rderural.com\/fr\/\",\"logo\":{\"@type\":\"ImageObject\",\"inLanguage\":\"fr-FR\",\"@id\":\"https:\/\/rderural.com\/fr\/#\/schema\/logo\/image\/\",\"url\":\"https:\/\/rderural.com\/wp-content\/uploads\/2022\/12\/logoRdeRural-120x100-1.png\",\"contentUrl\":\"https:\/\/rderural.com\/wp-content\/uploads\/2022\/12\/logoRdeRural-120x100-1.png\",\"width\":120,\"height\":100,\"caption\":\"R de Rural\"},\"image\":{\"@id\":\"https:\/\/rderural.com\/fr\/#\/schema\/logo\/image\/\"}}]}<\/script>\n<!-- \/ Yoast SEO plugin. -->","yoast_head_json":{"title":"Photographies des g\u00eetes rurales en Andorre - R de Rural","description":"D\u00e9couvrez les int\u00e9rieurs des h\u00e9bergements ruraux que nous proposons dans cette galerie de photos et venez passer quelques jours en Andorre.","robots":{"index":"index","follow":"follow","max-snippet":"max-snippet:-1","max-image-preview":"max-image-preview:large","max-video-preview":"max-video-preview:-1"},"canonical":"https:\/\/rderural.com\/fr\/photographies\/","og_locale":"fr_FR","og_type":"article","og_title":"Photographies des g\u00eetes rurales en Andorre - R de Rural","og_description":"D\u00e9couvrez les int\u00e9rieurs des h\u00e9bergements ruraux que nous proposons dans cette galerie de photos et venez passer quelques jours en Andorre.","og_url":"https:\/\/rderural.com\/fr\/photographies\/","og_site_name":"R de Rural","article_modified_time":"2022-12-20T22:13:38+00:00","twitter_card":"summary_large_image","twitter_misc":{"Dur\u00e9e de lecture estim\u00e9e":"1 minute"},"schema":{"@context":"https:\/\/schema.org","@graph":[{"@type":"WebPage","@id":"https:\/\/rderural.com\/fr\/photographies\/","url":"https:\/\/rderural.com\/fr\/photographies\/","name":"Photographies des g\u00eetes rurales en Andorre - R de Rural","isPartOf":{"@id":"https:\/\/rderural.com\/fr\/#website"},"datePublished":"2022-12-13T00:03:19+00:00","dateModified":"2022-12-20T22:13:38+00:00","description":"D\u00e9couvrez les int\u00e9rieurs des h\u00e9bergements ruraux que nous proposons dans cette galerie de photos et venez passer quelques jours en Andorre.","breadcrumb":{"@id":"https:\/\/rderural.com\/fr\/photographies\/#breadcrumb"},"inLanguage":"fr-FR","potentialAction":[{"@type":"ReadAction","target":["https:\/\/rderural.com\/fr\/photographies\/"]}]},{"@type":"BreadcrumbList","@id":"https:\/\/rderural.com\/fr\/photographies\/#breadcrumb","itemListElement":[{"@type":"ListItem","position":1,"name":"Portada","item":"https:\/\/rderural.com\/fr\/"},{"@type":"ListItem","position":2,"name":"Photographies"}]},{"@type":"WebSite","@id":"https:\/\/rderural.com\/fr\/#website","url":"https:\/\/rderural.com\/fr\/","name":"R de Rural","description":"Maisons d'h\u00f4tes en Andorre","publisher":{"@id":"https:\/\/rderural.com\/fr\/#organization"},"potentialAction":[{"@type":"SearchAction","target":{"@type":"EntryPoint","urlTemplate":"https:\/\/rderural.com\/fr\/?s={search_term_string}"},"query-input":{"@type":"PropertyValueSpecification","valueRequired":true,"valueName":"search_term_string"}}],"inLanguage":"fr-FR"},{"@type":"Organization","@id":"https:\/\/rderural.com\/fr\/#organization","name":"R de Rural","url":"https:\/\/rderural.com\/fr\/","logo":{"@type":"ImageObject","inLanguage":"fr-FR","@id":"https:\/\/rderural.com\/fr\/#\/schema\/logo\/image\/","url":"https:\/\/rderural.com\/wp-content\/uploads\/2022\/12\/logoRdeRural-120x100-1.png","contentUrl":"https:\/\/rderural.com\/wp-content\/uploads\/2022\/12\/logoRdeRural-120x100-1.png","width":120,"height":100,"caption":"R de Rural"},"image":{"@id":"https:\/\/rderural.com\/fr\/#\/schema\/logo\/image\/"}}]}},"_links":{"self":[{"href":"https:\/\/rderural.com\/fr\/wp-json\/wp\/v2\/pages\/1836","targetHints":{"allow":["GET"]}}],"collection":[{"href":"https:\/\/rderural.com\/fr\/wp-json\/wp\/v2\/pages"}],"about":[{"href":"https:\/\/rderural.com\/fr\/wp-json\/wp\/v2\/types\/page"}],"author":[{"embeddable":true,"href":"https:\/\/rderural.com\/fr\/wp-json\/wp\/v2\/users\/1"}],"replies":[{"embeddable":true,"href":"https:\/\/rderural.com\/fr\/wp-json\/wp\/v2\/comments?post=1836"}],"version-history":[{"count":7,"href":"https:\/\/rderural.com\/fr\/wp-json\/wp\/v2\/pages\/1836\/revisions"}],"predecessor-version":[{"id":2084,"href":"https:\/\/rderural.com\/fr\/wp-json\/wp\/v2\/pages\/1836\/revisions\/2084"}],"wp:attachment":[{"href":"https:\/\/rderural.com\/fr\/wp-json\/wp\/v2\/media?parent=1836"}],"curies":[{"name":"wp","href":"https:\/\/api.w.org\/{rel}","templated":true}]}}