{"id":446,"date":"2022-12-12T23:51:15","date_gmt":"2022-12-12T23:51:15","guid":{"rendered":"http:\/\/rderural.com\/?page_id=446"},"modified":"2022-12-21T15:18:56","modified_gmt":"2022-12-21T15:18:56","slug":"casas-en-grandvalira","status":"publish","type":"page","link":"https:\/\/rderural.com\/es\/casas-en-grandvalira\/","title":{"rendered":"Casas en Grandvalira"},"content":{"rendered":"\t\t<div data-elementor-type=\"wp-post\" data-elementor-id=\"446\" class=\"elementor elementor-446\">\n\t\t\t\t\t\t<section class=\"elementor-section elementor-top-section elementor-element elementor-element-7f113b65 elementor-section-full_width elementor-section-height-min-height elementor-section-height-default elementor-section-items-middle\" data-id=\"7f113b65\" data-element_type=\"section\" data-settings=\"{&quot;background_background&quot;:&quot;classic&quot;}\">\n\t\t\t\t\t\t\t<div class=\"elementor-background-overlay\"><\/div>\n\t\t\t\t\t\t\t<div class=\"elementor-container elementor-column-gap-default\">\n\t\t\t\t\t<div class=\"elementor-column elementor-col-100 elementor-top-column elementor-element elementor-element-476d30e2\" data-id=\"476d30e2\" data-element_type=\"column\">\n\t\t\t<div class=\"elementor-widget-wrap elementor-element-populated\">\n\t\t\t\t\t\t<div class=\"elementor-element elementor-element-1b6d5b6f elementor-widget elementor-widget-spacer\" data-id=\"1b6d5b6f\" data-element_type=\"widget\" data-widget_type=\"spacer.default\">\n\t\t\t\t<div class=\"elementor-widget-container\">\n\t\t\t\t\t\t\t<div class=\"elementor-spacer\">\n\t\t\t<div class=\"elementor-spacer-inner\"><\/div>\n\t\t<\/div>\n\t\t\t\t\t\t<\/div>\n\t\t\t\t<\/div>\n\t\t\t\t<section class=\"elementor-section elementor-inner-section elementor-element elementor-element-7103a9cd elementor-reverse-mobile elementor-section-boxed elementor-section-height-default elementor-section-height-default\" data-id=\"7103a9cd\" data-element_type=\"section\">\n\t\t\t\t\t\t<div class=\"elementor-container elementor-column-gap-wider\">\n\t\t\t\t\t<div class=\"elementor-column elementor-col-100 elementor-inner-column elementor-element elementor-element-1499e6fd\" data-id=\"1499e6fd\" data-element_type=\"column\">\n\t\t\t<div class=\"elementor-widget-wrap elementor-element-populated\">\n\t\t\t\t\t\t<div class=\"elementor-element elementor-element-487409b9 elementor-view-default elementor-position-top elementor-widget elementor-widget-themo-header\" data-id=\"487409b9\" data-element_type=\"widget\" data-widget_type=\"themo-header.default\">\n\t\t\t\t<div class=\"elementor-widget-container\">\n\t\t\t\t\t\t\t<div class=\"th-header-wrap\">\n        <div class=\"elementor-icon-box-wrapper \">\n                            <div class=\"elementor-icon-box-content\">\n                    <h1 class=\"elementor-icon-box-title\">\n                        CASAS RURALES EN ENCAMP                    <\/h1>\n                                        <p class=\"elementor-icon-box-description\">V\u00eda natural hacia Francia, Encamp es uno de los principales puntos de acceso a las pistas de esqu\u00ed de Grandvalira gracias al Funicamp. Un entorno incomparable que te permitir\u00e1 disfrutar de Andorra de la forma m\u00e1s genuina.<\/p>\n\n                                    <\/div>\n            <\/div>\n\n        <\/div>\n\n\t\t\t\t\t\t<\/div>\n\t\t\t\t<\/div>\n\t\t\t\t\t<\/div>\n\t\t<\/div>\n\t\t\t\t\t<\/div>\n\t\t<\/section>\n\t\t\t\t<div class=\"elementor-element elementor-element-6d14406 elementor-widget elementor-widget-spacer\" data-id=\"6d14406\" data-element_type=\"widget\" data-widget_type=\"spacer.default\">\n\t\t\t\t<div class=\"elementor-widget-container\">\n\t\t\t\t\t\t\t<div class=\"elementor-spacer\">\n\t\t\t<div class=\"elementor-spacer-inner\"><\/div>\n\t\t<\/div>\n\t\t\t\t\t\t<\/div>\n\t\t\t\t<\/div>\n\t\t\t\t\t<\/div>\n\t\t<\/div>\n\t\t\t\t\t<\/div>\n\t\t<\/section>\n\t\t\t\t<section class=\"elementor-section elementor-top-section elementor-element elementor-element-4f6737c0 elementor-section-boxed elementor-section-height-default elementor-section-height-default\" data-id=\"4f6737c0\" data-element_type=\"section\" data-settings=\"{&quot;background_background&quot;:&quot;classic&quot;}\">\n\t\t\t\t\t\t<div class=\"elementor-container elementor-column-gap-default\">\n\t\t\t\t\t<div class=\"elementor-column elementor-col-100 elementor-top-column elementor-element elementor-element-417c5957\" data-id=\"417c5957\" data-element_type=\"column\">\n\t\t\t<div class=\"elementor-widget-wrap elementor-element-populated\">\n\t\t\t\t\t\t<div class=\"elementor-element elementor-element-16e90536 elementor-widget elementor-widget-spacer\" data-id=\"16e90536\" data-element_type=\"widget\" data-widget_type=\"spacer.default\">\n\t\t\t\t<div class=\"elementor-widget-container\">\n\t\t\t\t\t\t\t<div class=\"elementor-spacer\">\n\t\t\t<div class=\"elementor-spacer-inner\"><\/div>\n\t\t<\/div>\n\t\t\t\t\t\t<\/div>\n\t\t\t\t<\/div>\n\t\t\t\t<div class=\"elementor-element elementor-element-0104bc6 habitaciones elementor-widget elementor-widget-themo-room-grid\" data-id=\"0104bc6\" data-element_type=\"widget\" data-widget_type=\"themo-room-grid.default\">\n\t\t\t\t<div class=\"elementor-widget-container\">\n\t\t\t\t\t\n                <div id=\"th-portfolio-content-69de29efa0762\" class=\"th-portfolio\">\n\n            \n            <div id=\"th-portfolio-row\" class=\"th-portfolio-row row portfolio_content  three-columns th-port-gutter\">\n\n                                        <div id=\"post-36\" class=\"th-portfolio-item item col-md-4 col-sm-6 p-casas-en-grandvalira post-36 themo_room type-themo_room status-publish format-standard has-post-thumbnail hentry themo_room_type-casas-en-grandvalira\">\n\n                                                        <div class=\"th-port-wrap\">\n                                                            <img fetchpriority=\"high\" decoding=\"async\" width=\"380\" height=\"380\" src=\"https:\/\/rderural.com\/wp-content\/uploads\/2017\/12\/Arnes-380x380-1.jpg\" class=\"img-responsive th-port-img wp-post-image\" alt=\"\" \/>                                                                <div class=\"th-port-overlay\"><\/div>\n                                <div class=\"th-port-inner\">\n                                                                        <div class=\"th-port-center\">\n                                        <h3 class=\"th-port-title\">CASA RURAL DE LES ARNES<\/h3>\n                                        <p class=\"th-port-sub th-else\">M\u00e1ximo 4 personas<br> Casco Antiguo Encamp<\/p>\n                                        <div class=\"th-pricing-cost\">195\u20ac<span>\/d\u00eda<\/span><\/div>\n                                                                            <\/div>\n                                    <a href=\"https:\/\/rderural.com\/es\/casa\/casa-rural-arnes\/\" class=\"th-port-link\" ><\/a>                                <\/div>\n                            <\/div>\n                                                    <\/div>\n                                                <div id=\"post-35\" class=\"th-portfolio-item item col-md-4 col-sm-6 p-casas-en-grandvalira post-35 themo_room type-themo_room status-publish format-standard has-post-thumbnail hentry themo_room_type-casas-en-grandvalira\">\n\n                                                        <div class=\"th-port-wrap\">\n                                                            <img decoding=\"async\" width=\"380\" height=\"380\" src=\"https:\/\/rderural.com\/wp-content\/uploads\/2017\/12\/molla_PT5B1035_RETOCADA-380x380-1.jpg\" class=\"img-responsive th-port-img wp-post-image\" alt=\"\" \/>                                                                <div class=\"th-port-overlay\"><\/div>\n                                <div class=\"th-port-inner\">\n                                                                        <div class=\"th-port-center\">\n                                        <h3 class=\"th-port-title\">BORDA DEL MOLL\u00c0<\/h3>\n                                        <p class=\"th-port-sub th-else\">M\u00e1ximo 5 personas<br> Els Cortals (Encamp)<\/p>\n                                        <div class=\"th-pricing-cost\">210\u20ac<span>\/d\u00eda<\/span><\/div>\n                                                                            <\/div>\n                                    <a href=\"https:\/\/rderural.com\/es\/casa\/borda-del-molla\/\" class=\"th-port-link\" ><\/a>                                <\/div>\n                            <\/div>\n                                                    <\/div>\n                        \n            <\/div>\n\n        <\/div>\n\n        \t\t\t\t<\/div>\n\t\t\t\t<\/div>\n\t\t\t\t<div class=\"elementor-element elementor-element-16fe7750 elementor-widget elementor-widget-spacer\" data-id=\"16fe7750\" data-element_type=\"widget\" data-widget_type=\"spacer.default\">\n\t\t\t\t<div class=\"elementor-widget-container\">\n\t\t\t\t\t\t\t<div class=\"elementor-spacer\">\n\t\t\t<div class=\"elementor-spacer-inner\"><\/div>\n\t\t<\/div>\n\t\t\t\t\t\t<\/div>\n\t\t\t\t<\/div>\n\t\t\t\t\t<\/div>\n\t\t<\/div>\n\t\t\t\t\t<\/div>\n\t\t<\/section>\n\t\t\t\t<section class=\"elementor-section elementor-top-section elementor-element elementor-element-198a851c elementor-section-boxed elementor-section-height-default elementor-section-height-default\" data-id=\"198a851c\" data-element_type=\"section\" data-settings=\"{&quot;background_background&quot;:&quot;classic&quot;}\">\n\t\t\t\t\t\t<div class=\"elementor-container elementor-column-gap-wider\">\n\t\t\t\t\t<div class=\"elementor-column elementor-col-100 elementor-top-column elementor-element elementor-element-4a654825\" data-id=\"4a654825\" data-element_type=\"column\">\n\t\t\t<div class=\"elementor-widget-wrap elementor-element-populated\">\n\t\t\t\t\t\t<div class=\"elementor-element elementor-element-2945ab6f elementor-widget elementor-widget-themo-call-to-action\" data-id=\"2945ab6f\" data-element_type=\"widget\" data-widget_type=\"themo-call-to-action.default\">\n\t\t\t\t<div class=\"elementor-widget-container\">\n\t\t\t\t\t\t\t<div class=\"th-cta\">\n\t\t\t\t\t        <div class=\"th-cta-text\">\n\t\t            <span>Tu escapada al dominio de Grandvalira<\/span>\n\t\t        <\/div>\n\t\t    \n                        <div class=\"th-cta-btn\">\n\n                                    <a class=\"btn-1 btn th-btn btn-cta-primary\" href=\"https:\/\/engine.witbooking.com\/rderural\/es\/availability?hotel=rural_arnes,rural_molla\" target=\"_blank\">\n                                                    Reserva ahora                                            <\/a>\n                \n                            <\/div>\n            \t\t<\/div>\n\t\t\t\t\t\t<\/div>\n\t\t\t\t<\/div>\n\t\t\t\t\t<\/div>\n\t\t<\/div>\n\t\t\t\t\t<\/div>\n\t\t<\/section>\n\t\t\t\t<section class=\"elementor-section elementor-top-section elementor-element elementor-element-0c04fb5 elementor-section-boxed elementor-section-height-default elementor-section-height-default\" data-id=\"0c04fb5\" data-element_type=\"section\" data-settings=\"{&quot;background_background&quot;:&quot;classic&quot;}\">\n\t\t\t\t\t\t<div class=\"elementor-container elementor-column-gap-default\">\n\t\t\t\t\t<div class=\"elementor-column elementor-col-100 elementor-top-column elementor-element elementor-element-95ee52e\" data-id=\"95ee52e\" data-element_type=\"column\">\n\t\t\t<div class=\"elementor-widget-wrap elementor-element-populated\">\n\t\t\t\t\t\t<section class=\"elementor-section elementor-inner-section elementor-element elementor-element-33499c4 elementor-section-boxed elementor-section-height-default elementor-section-height-default\" data-id=\"33499c4\" data-element_type=\"section\">\n\t\t\t\t\t\t<div class=\"elementor-container elementor-column-gap-default\">\n\t\t\t\t\t<div class=\"elementor-column elementor-col-50 elementor-inner-column elementor-element elementor-element-730f48c\" data-id=\"730f48c\" data-element_type=\"column\">\n\t\t\t<div class=\"elementor-widget-wrap elementor-element-populated\">\n\t\t\t\t\t\t<div class=\"elementor-element elementor-element-4f455cd elementor-widget elementor-widget-image\" data-id=\"4f455cd\" data-element_type=\"widget\" data-widget_type=\"image.default\">\n\t\t\t\t<div class=\"elementor-widget-container\">\n\t\t\t\t\t\t\t\t\t\t\t\t\t\t\t<img decoding=\"async\" width=\"394\" height=\"114\" src=\"https:\/\/rderural.com\/wp-content\/uploads\/2022\/12\/espigues-394x114.png\" class=\"attachment-th_img_sm_standard size-th_img_sm_standard wp-image-430\" alt=\"\" srcset=\"https:\/\/rderural.com\/wp-content\/uploads\/2022\/12\/espigues-394x114.png 394w, https:\/\/rderural.com\/wp-content\/uploads\/2022\/12\/espigues-300x87.png 300w, https:\/\/rderural.com\/wp-content\/uploads\/2022\/12\/espigues-346x100.png 346w, https:\/\/rderural.com\/wp-content\/uploads\/2022\/12\/espigues-276x80.png 276w, https:\/\/rderural.com\/wp-content\/uploads\/2022\/12\/espigues.png 622w\" sizes=\"(max-width: 394px) 100vw, 394px\" \/>\t\t\t\t\t\t\t\t\t\t\t\t\t\t\t<\/div>\n\t\t\t\t<\/div>\n\t\t\t\t\t<\/div>\n\t\t<\/div>\n\t\t\t\t<div class=\"elementor-column elementor-col-50 elementor-inner-column elementor-element elementor-element-e41a708\" data-id=\"e41a708\" data-element_type=\"column\">\n\t\t\t<div class=\"elementor-widget-wrap elementor-element-populated\">\n\t\t\t\t\t\t<div class=\"elementor-element elementor-element-e13a187 elementor-widget elementor-widget-heading\" data-id=\"e13a187\" data-element_type=\"widget\" data-widget_type=\"heading.default\">\n\t\t\t\t<div class=\"elementor-widget-container\">\n\t\t\t\t\t<h2 class=\"elementor-heading-title elementor-size-default\">Calidad reconocida<\/h2>\t\t\t\t<\/div>\n\t\t\t\t<\/div>\n\t\t\t\t<div class=\"elementor-element elementor-element-6340b36 elementor-widget elementor-widget-text-editor\" data-id=\"6340b36\" data-element_type=\"widget\" data-widget_type=\"text-editor.default\">\n\t\t\t\t<div class=\"elementor-widget-container\">\n\t\t\t\t\t\t\t\t\t<p><strong>Todas las bordas de R de Rural, han sido reconocidas con la m\u00e1xima certificaci\u00f3n de los alojamientos rurales: cuatro espigas. Un reconocimiento certificado por el Gobierno de Andorra.<\/strong><\/p>\t\t\t\t\t\t\t\t<\/div>\n\t\t\t\t<\/div>\n\t\t\t\t\t<\/div>\n\t\t<\/div>\n\t\t\t\t\t<\/div>\n\t\t<\/section>\n\t\t\t\t\t<\/div>\n\t\t<\/div>\n\t\t\t\t\t<\/div>\n\t\t<\/section>\n\t\t\t\t<\/div>\n\t\t","protected":false},"excerpt":{"rendered":"<p>CASAS RURALES EN&hellip;<\/p>\n","protected":false},"author":1,"featured_media":0,"parent":0,"menu_order":1,"comment_status":"closed","ping_status":"closed","template":"","meta":{"footnotes":""},"class_list":["post-446","page","type-page","status-publish","hentry"],"yoast_head":"<!-- This site is optimized with the Yoast SEO plugin v24.1 - https:\/\/yoast.com\/wordpress\/plugins\/seo\/ -->\n<title>Casas rurales en Grandvalira - Alojamiento rural en Grandvalira<\/title>\n<meta name=\"description\" content=\"Esqu\u00eda en Grandvalira o disfruta de las monta\u00f1as de Andorra en verano en una de las casa rurales t\u00edpicas del pa\u00eds. \u00a1Reserva ahora!\" \/>\n<meta name=\"robots\" content=\"index, follow, max-snippet:-1, max-image-preview:large, max-video-preview:-1\" \/>\n<link rel=\"canonical\" href=\"https:\/\/rderural.com\/es\/casas-en-grandvalira\/\" \/>\n<meta property=\"og:locale\" content=\"es_ES\" \/>\n<meta property=\"og:type\" content=\"article\" \/>\n<meta property=\"og:title\" content=\"Casas rurales en Grandvalira - Alojamiento rural en Grandvalira\" \/>\n<meta property=\"og:description\" content=\"Esqu\u00eda en Grandvalira o disfruta de las monta\u00f1as de Andorra en verano en una de las casa rurales t\u00edpicas del pa\u00eds. \u00a1Reserva ahora!\" \/>\n<meta property=\"og:url\" content=\"https:\/\/rderural.com\/es\/casas-en-grandvalira\/\" \/>\n<meta property=\"og:site_name\" content=\"R de Rural\" \/>\n<meta property=\"article:modified_time\" content=\"2022-12-21T15:18:56+00:00\" \/>\n<meta property=\"og:image\" content=\"http:\/\/rderural.com\/wp-content\/uploads\/2017\/12\/Arnes-380x380-1.jpg\" \/>\n<meta name=\"twitter:card\" content=\"summary_large_image\" \/>\n<meta name=\"twitter:label1\" content=\"Tiempo de lectura\" \/>\n\t<meta name=\"twitter:data1\" content=\"2 minutos\" \/>\n<script type=\"application\/ld+json\" class=\"yoast-schema-graph\">{\"@context\":\"https:\/\/schema.org\",\"@graph\":[{\"@type\":\"WebPage\",\"@id\":\"https:\/\/rderural.com\/es\/casas-en-grandvalira\/\",\"url\":\"https:\/\/rderural.com\/es\/casas-en-grandvalira\/\",\"name\":\"Casas rurales en Grandvalira - Alojamiento rural en Grandvalira\",\"isPartOf\":{\"@id\":\"https:\/\/rderural.com\/es\/#website\"},\"primaryImageOfPage\":{\"@id\":\"https:\/\/rderural.com\/es\/casas-en-grandvalira\/#primaryimage\"},\"image\":{\"@id\":\"https:\/\/rderural.com\/es\/casas-en-grandvalira\/#primaryimage\"},\"thumbnailUrl\":\"http:\/\/rderural.com\/wp-content\/uploads\/2017\/12\/Arnes-380x380-1.jpg\",\"datePublished\":\"2022-12-12T23:51:15+00:00\",\"dateModified\":\"2022-12-21T15:18:56+00:00\",\"description\":\"Esqu\u00eda en Grandvalira o disfruta de las monta\u00f1as de Andorra en verano en una de las casa rurales t\u00edpicas del pa\u00eds. \u00a1Reserva ahora!\",\"breadcrumb\":{\"@id\":\"https:\/\/rderural.com\/es\/casas-en-grandvalira\/#breadcrumb\"},\"inLanguage\":\"es\",\"potentialAction\":[{\"@type\":\"ReadAction\",\"target\":[\"https:\/\/rderural.com\/es\/casas-en-grandvalira\/\"]}]},{\"@type\":\"ImageObject\",\"inLanguage\":\"es\",\"@id\":\"https:\/\/rderural.com\/es\/casas-en-grandvalira\/#primaryimage\",\"url\":\"http:\/\/rderural.com\/wp-content\/uploads\/2017\/12\/Arnes-380x380-1.jpg\",\"contentUrl\":\"http:\/\/rderural.com\/wp-content\/uploads\/2017\/12\/Arnes-380x380-1.jpg\"},{\"@type\":\"BreadcrumbList\",\"@id\":\"https:\/\/rderural.com\/es\/casas-en-grandvalira\/#breadcrumb\",\"itemListElement\":[{\"@type\":\"ListItem\",\"position\":1,\"name\":\"Portada\",\"item\":\"https:\/\/rderural.com\/es\/\"},{\"@type\":\"ListItem\",\"position\":2,\"name\":\"Casas en Grandvalira\"}]},{\"@type\":\"WebSite\",\"@id\":\"https:\/\/rderural.com\/es\/#website\",\"url\":\"https:\/\/rderural.com\/es\/\",\"name\":\"R de Rural\",\"description\":\"Casas Rurales en Andorra\",\"publisher\":{\"@id\":\"https:\/\/rderural.com\/es\/#organization\"},\"potentialAction\":[{\"@type\":\"SearchAction\",\"target\":{\"@type\":\"EntryPoint\",\"urlTemplate\":\"https:\/\/rderural.com\/es\/?s={search_term_string}\"},\"query-input\":{\"@type\":\"PropertyValueSpecification\",\"valueRequired\":true,\"valueName\":\"search_term_string\"}}],\"inLanguage\":\"es\"},{\"@type\":\"Organization\",\"@id\":\"https:\/\/rderural.com\/es\/#organization\",\"name\":\"R de Rural\",\"url\":\"https:\/\/rderural.com\/es\/\",\"logo\":{\"@type\":\"ImageObject\",\"inLanguage\":\"es\",\"@id\":\"https:\/\/rderural.com\/es\/#\/schema\/logo\/image\/\",\"url\":\"https:\/\/rderural.com\/wp-content\/uploads\/2022\/12\/logoRdeRural-120x100-1.png\",\"contentUrl\":\"https:\/\/rderural.com\/wp-content\/uploads\/2022\/12\/logoRdeRural-120x100-1.png\",\"width\":120,\"height\":100,\"caption\":\"R de Rural\"},\"image\":{\"@id\":\"https:\/\/rderural.com\/es\/#\/schema\/logo\/image\/\"}}]}<\/script>\n<!-- \/ Yoast SEO plugin. -->","yoast_head_json":{"title":"Casas rurales en Grandvalira - Alojamiento rural en Grandvalira","description":"Esqu\u00eda en Grandvalira o disfruta de las monta\u00f1as de Andorra en verano en una de las casa rurales t\u00edpicas del pa\u00eds. \u00a1Reserva ahora!","robots":{"index":"index","follow":"follow","max-snippet":"max-snippet:-1","max-image-preview":"max-image-preview:large","max-video-preview":"max-video-preview:-1"},"canonical":"https:\/\/rderural.com\/es\/casas-en-grandvalira\/","og_locale":"es_ES","og_type":"article","og_title":"Casas rurales en Grandvalira - Alojamiento rural en Grandvalira","og_description":"Esqu\u00eda en Grandvalira o disfruta de las monta\u00f1as de Andorra en verano en una de las casa rurales t\u00edpicas del pa\u00eds. \u00a1Reserva ahora!","og_url":"https:\/\/rderural.com\/es\/casas-en-grandvalira\/","og_site_name":"R de Rural","article_modified_time":"2022-12-21T15:18:56+00:00","og_image":[{"url":"http:\/\/rderural.com\/wp-content\/uploads\/2017\/12\/Arnes-380x380-1.jpg","type":"","width":"","height":""}],"twitter_card":"summary_large_image","twitter_misc":{"Tiempo de lectura":"2 minutos"},"schema":{"@context":"https:\/\/schema.org","@graph":[{"@type":"WebPage","@id":"https:\/\/rderural.com\/es\/casas-en-grandvalira\/","url":"https:\/\/rderural.com\/es\/casas-en-grandvalira\/","name":"Casas rurales en Grandvalira - Alojamiento rural en Grandvalira","isPartOf":{"@id":"https:\/\/rderural.com\/es\/#website"},"primaryImageOfPage":{"@id":"https:\/\/rderural.com\/es\/casas-en-grandvalira\/#primaryimage"},"image":{"@id":"https:\/\/rderural.com\/es\/casas-en-grandvalira\/#primaryimage"},"thumbnailUrl":"http:\/\/rderural.com\/wp-content\/uploads\/2017\/12\/Arnes-380x380-1.jpg","datePublished":"2022-12-12T23:51:15+00:00","dateModified":"2022-12-21T15:18:56+00:00","description":"Esqu\u00eda en Grandvalira o disfruta de las monta\u00f1as de Andorra en verano en una de las casa rurales t\u00edpicas del pa\u00eds. \u00a1Reserva ahora!","breadcrumb":{"@id":"https:\/\/rderural.com\/es\/casas-en-grandvalira\/#breadcrumb"},"inLanguage":"es","potentialAction":[{"@type":"ReadAction","target":["https:\/\/rderural.com\/es\/casas-en-grandvalira\/"]}]},{"@type":"ImageObject","inLanguage":"es","@id":"https:\/\/rderural.com\/es\/casas-en-grandvalira\/#primaryimage","url":"http:\/\/rderural.com\/wp-content\/uploads\/2017\/12\/Arnes-380x380-1.jpg","contentUrl":"http:\/\/rderural.com\/wp-content\/uploads\/2017\/12\/Arnes-380x380-1.jpg"},{"@type":"BreadcrumbList","@id":"https:\/\/rderural.com\/es\/casas-en-grandvalira\/#breadcrumb","itemListElement":[{"@type":"ListItem","position":1,"name":"Portada","item":"https:\/\/rderural.com\/es\/"},{"@type":"ListItem","position":2,"name":"Casas en Grandvalira"}]},{"@type":"WebSite","@id":"https:\/\/rderural.com\/es\/#website","url":"https:\/\/rderural.com\/es\/","name":"R de Rural","description":"Casas Rurales en Andorra","publisher":{"@id":"https:\/\/rderural.com\/es\/#organization"},"potentialAction":[{"@type":"SearchAction","target":{"@type":"EntryPoint","urlTemplate":"https:\/\/rderural.com\/es\/?s={search_term_string}"},"query-input":{"@type":"PropertyValueSpecification","valueRequired":true,"valueName":"search_term_string"}}],"inLanguage":"es"},{"@type":"Organization","@id":"https:\/\/rderural.com\/es\/#organization","name":"R de Rural","url":"https:\/\/rderural.com\/es\/","logo":{"@type":"ImageObject","inLanguage":"es","@id":"https:\/\/rderural.com\/es\/#\/schema\/logo\/image\/","url":"https:\/\/rderural.com\/wp-content\/uploads\/2022\/12\/logoRdeRural-120x100-1.png","contentUrl":"https:\/\/rderural.com\/wp-content\/uploads\/2022\/12\/logoRdeRural-120x100-1.png","width":120,"height":100,"caption":"R de Rural"},"image":{"@id":"https:\/\/rderural.com\/es\/#\/schema\/logo\/image\/"}}]}},"_links":{"self":[{"href":"https:\/\/rderural.com\/es\/wp-json\/wp\/v2\/pages\/446","targetHints":{"allow":["GET"]}}],"collection":[{"href":"https:\/\/rderural.com\/es\/wp-json\/wp\/v2\/pages"}],"about":[{"href":"https:\/\/rderural.com\/es\/wp-json\/wp\/v2\/types\/page"}],"author":[{"embeddable":true,"href":"https:\/\/rderural.com\/es\/wp-json\/wp\/v2\/users\/1"}],"replies":[{"embeddable":true,"href":"https:\/\/rderural.com\/es\/wp-json\/wp\/v2\/comments?post=446"}],"version-history":[{"count":11,"href":"https:\/\/rderural.com\/es\/wp-json\/wp\/v2\/pages\/446\/revisions"}],"predecessor-version":[{"id":2235,"href":"https:\/\/rderural.com\/es\/wp-json\/wp\/v2\/pages\/446\/revisions\/2235"}],"wp:attachment":[{"href":"https:\/\/rderural.com\/es\/wp-json\/wp\/v2\/media?parent=446"}],"curies":[{"name":"wp","href":"https:\/\/api.w.org\/{rel}","templated":true}]}}