{"id":2378,"date":"2023-05-18T16:58:13","date_gmt":"2023-05-18T16:58:13","guid":{"rendered":"http:\/\/rderural.com\/?page_id=2378"},"modified":"2023-05-18T17:32:25","modified_gmt":"2023-05-18T17:32:25","slug":"politica-cookies","status":"publish","type":"page","link":"https:\/\/rderural.com\/es\/politica-cookies\/","title":{"rendered":"Pol\u00edtica Cookies"},"content":{"rendered":"\t\t<div data-elementor-type=\"wp-page\" data-elementor-id=\"2378\" class=\"elementor elementor-2378\">\n\t\t\t\t\t\t<section class=\"elementor-section elementor-top-section elementor-element elementor-element-6d4185a elementor-section-boxed elementor-section-height-default elementor-section-height-default\" data-id=\"6d4185a\" data-element_type=\"section\">\n\t\t\t\t\t\t<div class=\"elementor-container elementor-column-gap-default\">\n\t\t\t\t\t<div class=\"elementor-column elementor-col-100 elementor-top-column elementor-element elementor-element-334077bd\" data-id=\"334077bd\" data-element_type=\"column\">\n\t\t\t<div class=\"elementor-widget-wrap elementor-element-populated\">\n\t\t\t\t\t\t<div class=\"elementor-element elementor-element-65d27a2 elementor-widget elementor-widget-text-editor\" data-id=\"65d27a2\" data-element_type=\"widget\" data-widget_type=\"text-editor.default\">\n\t\t\t\t<div class=\"elementor-widget-container\">\n\t\t\t\t\t\t\t\t\t<p><style>\n    a.cky-banner-element {<br \/>        padding: 8px 30px;<br \/>        background: #F8F9FA;<br \/>        color: #858A8F;<br \/>        border: 1px solid #DEE2E6;<br \/>        box-sizing: border-box;<br \/>        border-radius: 2px;<br \/>        cursor: pointer;<br \/>}<br \/><\/style><\/p><p><em>Fecha de vigencia: 18-Mayo-2023 <\/em><br \/><em>\u00daltima actualizaci\u00f3n: 18-Mayo-2023<\/em><\/p><h2>\u00bfQu\u00e9 son las cookies?<\/h2><div class=\"cookie-policy-p\"><p>Esta Pol\u00edtica de Cookies explica qu\u00e9 son las cookies y c\u00f3mo las utilizamos, los tipos de cookies que utilizamos, es decir, la informaci\u00f3n que recopilamos mediante cookies y c\u00f3mo se utiliza esa informaci\u00f3n, y c\u00f3mo gestionar la configuraci\u00f3n de las cookies.<\/p><p>Las cookies son peque\u00f1os archivos de texto que se utilizan para almacenar peque\u00f1as piezas de informaci\u00f3n. Se almacenan en tu dispositivo cuando se carga el sitio web en tu navegador. Estas cookies nos ayudan a que el sitio web funcione correctamente, lo hagan m\u00e1s seguro, proporcionen una mejor experiencia de usuario y comprendan c\u00f3mo funciona el sitio web, analizando lo que funciona y lo que necesita mejorar.<\/p><\/div><h2>\u00bfC\u00f3mo utilizamos las cookies?<\/h2><div class=\"cookie-policy-p\"><p>Al igual que la mayor\u00eda de los servicios en l\u00ednea, nuestro sitio web utiliza cookies propias y de terceros con varios fines. Las cookies propias son principalmente necesarias para que el sitio web funcione correctamente y no recopilan ninguno de tus datos de identificaci\u00f3n personal.<\/p><p>Las cookies de terceros utilizadas en nuestro sitio web son principalmente para comprender c\u00f3mo funciona el sitio web, c\u00f3mo interact\u00faas con nuestro sitio web, mantener nuestros servicios seguros, proporcionar anuncios relevantes para ti y, en general, ofrecerte una experiencia de usuario mejorada y ayudar a agilizar tus interacciones futuras con nuestro sitio web.<\/p><\/div><h2>Tipos de cookies que utilizamos<\/h2><div class=\"cky-audit-table-element\">\u00a0<\/div><h2 style=\"margin-bottom: 20px;\">Gestiona las preferencias de cookies<\/h2><p><a class=\"cky-banner-element\">Configuraci\u00f3n de cookies<\/a><\/p><div><p>Puedes cambiar tus preferencias de cookies en cualquier momento haciendo clic en el enlace anterior. Esto te permitir\u00e1 volver a visitar el banner de consentimiento de cookies y cambiar tus preferencias o retirar tu consentimiento de inmediato.<\/p><p>Adem\u00e1s, los diferentes navegadores proporcionan diferentes m\u00e9todos para bloquear y eliminar las cookies utilizadas por los sitios web. Puedes cambiar la configuraci\u00f3n de tu navegador para bloquear\/eliminar las cookies. A continuaci\u00f3n, se muestran los enlaces a los documentos de soporte sobre c\u00f3mo gestionar y eliminar las cookies de los principales navegadores web.<\/p><p>Chrome: <a href=\"https:\/\/support.google.com\/accounts\/answer\/32050\" target=\"_blank\" rel=\"noopener\">https:\/\/support.google.com\/accounts\/answer\/32050<\/a><br \/>Safari: <a href=\"https:\/\/support.apple.com\/en-in\/guide\/safari\/sfri11471\/mac\" target=\"_blank\" rel=\"noopener\">https:\/\/support.apple.com\/en-in\/guide\/safari\/sfri11471\/mac<\/a><br \/>Firefox: <a href=\"https:\/\/support.mozilla.org\/en-US\/kb\/clear-cookies-and-site-data-firefox?redirectslug=delete-cookies-remove-info-websites-stored&amp;redirectlocale=en-US\" target=\"_blank\" rel=\"noopener\">https:\/\/support.mozilla.org\/en-US\/kb\/clear-cookies-and-site-data-firefox?redirectslug=delete-cookies-remove-info-websites-stored&amp;redirectlocale=en-US<\/a><br \/>Internet Explorer: <a href=\"https:\/\/support.microsoft.com\/en-us\/topic\/how-to-delete-cookie-files-in-internet-explorer-bca9446f-d873-78de-77ba-d42645fa52fc\" target=\"_blank\" rel=\"noopener\">https:\/\/support.microsoft.com\/en-us\/topic\/how-to-delete-cookie-files-in-internet-explorer-bca9446f-d873-78de-77ba-d42645fa52fc<\/a><\/p><p>\u00a0<\/p><p>Si utilizas cualquier otro navegador, consulta la documentaci\u00f3n oficial de tu navegador.<\/p><\/div><p class=\"cookie-policy-p\"><em>\u00a0<\/em><\/p><p class=\"cookie-policy-p\"><em>\u00a0<\/em><\/p><p class=\"cookie-policy-p\"><em>Pol\u00edtica de Cookies Generada por\u00a0<a href=\"https:\/\/www.cookieyes.com\/?utm_source=CP&amp;utm_medium=footer&amp;utm_campaign=UW\" target=\"_blank\" rel=\"noopener\">CookieYes &#8211; Cookie Policy Generator<\/a>.<\/em><\/p>\t\t\t\t\t\t\t\t<\/div>\n\t\t\t\t<\/div>\n\t\t\t\t\t<\/div>\n\t\t<\/div>\n\t\t\t\t\t<\/div>\n\t\t<\/section>\n\t\t\t\t<\/div>\n\t\t","protected":false},"excerpt":{"rendered":"<p>Fecha de vigencia: 18-Mayo-2023 \u00daltima actualizaci\u00f3n: 18-Mayo-2023 \u00bfQu\u00e9 son las cookies? Esta Pol\u00edtica de Cookies explica qu\u00e9 son las cookies y c\u00f3mo las utilizamos, los tipos de cookies que utilizamos, es decir, la informaci\u00f3n que recopilamos mediante cookies y c\u00f3mo &hellip; <a href=\"https:\/\/rderural.com\/es\/politica-cookies\/\">Read More<\/a><\/p>\n","protected":false},"author":2,"featured_media":0,"parent":0,"menu_order":0,"comment_status":"closed","ping_status":"open","template":"","meta":{"footnotes":""},"class_list":["post-2378","page","type-page","status-publish","hentry"],"yoast_head":"<!-- This site is optimized with the Yoast SEO plugin v24.1 - https:\/\/yoast.com\/wordpress\/plugins\/seo\/ -->\n<title>Pol\u00edtica Cookies - R de Rural<\/title>\n<meta name=\"robots\" content=\"noindex, nofollow\" \/>\n<meta property=\"og:locale\" content=\"es_ES\" \/>\n<meta property=\"og:type\" content=\"article\" \/>\n<meta property=\"og:title\" content=\"Pol\u00edtica Cookies - R de Rural\" \/>\n<meta property=\"og:description\" content=\"Fecha de vigencia: 18-Mayo-2023 \u00daltima actualizaci\u00f3n: 18-Mayo-2023 \u00bfQu\u00e9 son las cookies? Esta Pol\u00edtica de Cookies explica qu\u00e9 son las cookies y c\u00f3mo las utilizamos, los tipos de cookies que utilizamos, es decir, la informaci\u00f3n que recopilamos mediante cookies y c\u00f3mo &hellip; Read More\" \/>\n<meta property=\"og:url\" content=\"https:\/\/rderural.com\/es\/politica-cookies\/\" \/>\n<meta property=\"og:site_name\" content=\"R de Rural\" \/>\n<meta property=\"article:modified_time\" content=\"2023-05-18T17:32:25+00:00\" \/>\n<meta name=\"twitter:card\" content=\"summary_large_image\" \/>\n<meta name=\"twitter:label1\" content=\"Tiempo de lectura\" \/>\n\t<meta name=\"twitter:data1\" content=\"2 minutos\" \/>\n<script type=\"application\/ld+json\" class=\"yoast-schema-graph\">{\"@context\":\"https:\/\/schema.org\",\"@graph\":[{\"@type\":\"WebPage\",\"@id\":\"https:\/\/rderural.com\/es\/politica-cookies\/\",\"url\":\"https:\/\/rderural.com\/es\/politica-cookies\/\",\"name\":\"Pol\u00edtica Cookies - R de Rural\",\"isPartOf\":{\"@id\":\"https:\/\/rderural.com\/es\/#website\"},\"datePublished\":\"2023-05-18T16:58:13+00:00\",\"dateModified\":\"2023-05-18T17:32:25+00:00\",\"breadcrumb\":{\"@id\":\"https:\/\/rderural.com\/es\/politica-cookies\/#breadcrumb\"},\"inLanguage\":\"es\",\"potentialAction\":[{\"@type\":\"ReadAction\",\"target\":[\"https:\/\/rderural.com\/es\/politica-cookies\/\"]}]},{\"@type\":\"BreadcrumbList\",\"@id\":\"https:\/\/rderural.com\/es\/politica-cookies\/#breadcrumb\",\"itemListElement\":[{\"@type\":\"ListItem\",\"position\":1,\"name\":\"Portada\",\"item\":\"https:\/\/rderural.com\/es\/\"},{\"@type\":\"ListItem\",\"position\":2,\"name\":\"Pol\u00edtica Cookies\"}]},{\"@type\":\"WebSite\",\"@id\":\"https:\/\/rderural.com\/es\/#website\",\"url\":\"https:\/\/rderural.com\/es\/\",\"name\":\"R de Rural\",\"description\":\"Casas Rurales en Andorra\",\"publisher\":{\"@id\":\"https:\/\/rderural.com\/es\/#organization\"},\"potentialAction\":[{\"@type\":\"SearchAction\",\"target\":{\"@type\":\"EntryPoint\",\"urlTemplate\":\"https:\/\/rderural.com\/es\/?s={search_term_string}\"},\"query-input\":{\"@type\":\"PropertyValueSpecification\",\"valueRequired\":true,\"valueName\":\"search_term_string\"}}],\"inLanguage\":\"es\"},{\"@type\":\"Organization\",\"@id\":\"https:\/\/rderural.com\/es\/#organization\",\"name\":\"R de Rural\",\"url\":\"https:\/\/rderural.com\/es\/\",\"logo\":{\"@type\":\"ImageObject\",\"inLanguage\":\"es\",\"@id\":\"https:\/\/rderural.com\/es\/#\/schema\/logo\/image\/\",\"url\":\"https:\/\/rderural.com\/wp-content\/uploads\/2022\/12\/logoRdeRural-120x100-1.png\",\"contentUrl\":\"https:\/\/rderural.com\/wp-content\/uploads\/2022\/12\/logoRdeRural-120x100-1.png\",\"width\":120,\"height\":100,\"caption\":\"R de Rural\"},\"image\":{\"@id\":\"https:\/\/rderural.com\/es\/#\/schema\/logo\/image\/\"}}]}<\/script>\n<!-- \/ Yoast SEO plugin. -->","yoast_head_json":{"title":"Pol\u00edtica Cookies - R de Rural","robots":{"index":"noindex","follow":"nofollow"},"og_locale":"es_ES","og_type":"article","og_title":"Pol\u00edtica Cookies - R de Rural","og_description":"Fecha de vigencia: 18-Mayo-2023 \u00daltima actualizaci\u00f3n: 18-Mayo-2023 \u00bfQu\u00e9 son las cookies? Esta Pol\u00edtica de Cookies explica qu\u00e9 son las cookies y c\u00f3mo las utilizamos, los tipos de cookies que utilizamos, es decir, la informaci\u00f3n que recopilamos mediante cookies y c\u00f3mo &hellip; Read More","og_url":"https:\/\/rderural.com\/es\/politica-cookies\/","og_site_name":"R de Rural","article_modified_time":"2023-05-18T17:32:25+00:00","twitter_card":"summary_large_image","twitter_misc":{"Tiempo de lectura":"2 minutos"},"schema":{"@context":"https:\/\/schema.org","@graph":[{"@type":"WebPage","@id":"https:\/\/rderural.com\/es\/politica-cookies\/","url":"https:\/\/rderural.com\/es\/politica-cookies\/","name":"Pol\u00edtica Cookies - R de Rural","isPartOf":{"@id":"https:\/\/rderural.com\/es\/#website"},"datePublished":"2023-05-18T16:58:13+00:00","dateModified":"2023-05-18T17:32:25+00:00","breadcrumb":{"@id":"https:\/\/rderural.com\/es\/politica-cookies\/#breadcrumb"},"inLanguage":"es","potentialAction":[{"@type":"ReadAction","target":["https:\/\/rderural.com\/es\/politica-cookies\/"]}]},{"@type":"BreadcrumbList","@id":"https:\/\/rderural.com\/es\/politica-cookies\/#breadcrumb","itemListElement":[{"@type":"ListItem","position":1,"name":"Portada","item":"https:\/\/rderural.com\/es\/"},{"@type":"ListItem","position":2,"name":"Pol\u00edtica Cookies"}]},{"@type":"WebSite","@id":"https:\/\/rderural.com\/es\/#website","url":"https:\/\/rderural.com\/es\/","name":"R de Rural","description":"Casas Rurales en Andorra","publisher":{"@id":"https:\/\/rderural.com\/es\/#organization"},"potentialAction":[{"@type":"SearchAction","target":{"@type":"EntryPoint","urlTemplate":"https:\/\/rderural.com\/es\/?s={search_term_string}"},"query-input":{"@type":"PropertyValueSpecification","valueRequired":true,"valueName":"search_term_string"}}],"inLanguage":"es"},{"@type":"Organization","@id":"https:\/\/rderural.com\/es\/#organization","name":"R de Rural","url":"https:\/\/rderural.com\/es\/","logo":{"@type":"ImageObject","inLanguage":"es","@id":"https:\/\/rderural.com\/es\/#\/schema\/logo\/image\/","url":"https:\/\/rderural.com\/wp-content\/uploads\/2022\/12\/logoRdeRural-120x100-1.png","contentUrl":"https:\/\/rderural.com\/wp-content\/uploads\/2022\/12\/logoRdeRural-120x100-1.png","width":120,"height":100,"caption":"R de Rural"},"image":{"@id":"https:\/\/rderural.com\/es\/#\/schema\/logo\/image\/"}}]}},"_links":{"self":[{"href":"https:\/\/rderural.com\/es\/wp-json\/wp\/v2\/pages\/2378","targetHints":{"allow":["GET"]}}],"collection":[{"href":"https:\/\/rderural.com\/es\/wp-json\/wp\/v2\/pages"}],"about":[{"href":"https:\/\/rderural.com\/es\/wp-json\/wp\/v2\/types\/page"}],"author":[{"embeddable":true,"href":"https:\/\/rderural.com\/es\/wp-json\/wp\/v2\/users\/2"}],"replies":[{"embeddable":true,"href":"https:\/\/rderural.com\/es\/wp-json\/wp\/v2\/comments?post=2378"}],"version-history":[{"count":26,"href":"https:\/\/rderural.com\/es\/wp-json\/wp\/v2\/pages\/2378\/revisions"}],"predecessor-version":[{"id":2456,"href":"https:\/\/rderural.com\/es\/wp-json\/wp\/v2\/pages\/2378\/revisions\/2456"}],"wp:attachment":[{"href":"https:\/\/rderural.com\/es\/wp-json\/wp\/v2\/media?parent=2378"}],"curies":[{"name":"wp","href":"https:\/\/api.w.org\/{rel}","templated":true}]}}